{"id":1960,"date":"2020-08-24T16:10:34","date_gmt":"2020-08-24T19:10:34","guid":{"rendered":"http:\/\/espacocamilaferreira.com.br\/?page_id=1960"},"modified":"2020-11-04T16:33:14","modified_gmt":"2020-11-04T19:33:14","slug":"blog","status":"publish","type":"page","link":"https:\/\/espacocamilaferreira.com.br\/?page_id=1960","title":{"rendered":"BLOG"},"content":{"rendered":"<form role=\"search\" method=\"get\" action=\"https:\/\/espacocamilaferreira.com.br\/\" class=\"wp-block-search__button-outside wp-block-search__text-button alignleft wp-block-search\"><label for=\"wp-block-search__input-1\" class=\"wp-block-search__label\" >O que deseja encontrar?<\/label><div class=\"wp-block-search__inside-wrapper \" ><input type=\"search\" id=\"wp-block-search__input-1\" class=\"wp-block-search__input\" name=\"s\" value=\"\" placeholder=\"\"  required \/><button type=\"submit\" class=\"wp-block-search__button wp-element-button\"  >Pesquisar<\/button><\/div><\/form>\n\n\n<p>\u00daLTIMAS NOT\u00cdCIAS<\/p>\n\n\n\n<div class=\"pt-cv-wrapper\"><div class=\"pt-cv-view pt-cv-grid pt-cv-colsys\" id=\"pt-cv-view-639e71eit1\"><div data-id=\"pt-cv-page-1\" class=\"pt-cv-page\" data-cvc=\"1\"><div class=\"col-md-12 col-sm-6 col-xs-12 pt-cv-content-item pt-cv-2-col\" ><div class='pt-cv-ifield'><a href=\"https:\/\/espacocamilaferreira.com.br\/?p=2423\" class=\"_self pt-cv-href-thumbnail pt-cv-thumb-left\" target=\"_self\" ><img width=\"1200\" height=\"480\" src=\"https:\/\/espacocamilaferreira.com.br\/wp-content\/uploads\/2022\/01\/AdobeStock_161921405-1-1200x480.jpeg\" class=\"pt-cv-thumbnail pull-left\" alt=\"\" decoding=\"async\" loading=\"lazy\" \/><\/a>\n<h4 class=\"pt-cv-title\"><a href=\"https:\/\/espacocamilaferreira.com.br\/?p=2423\" class=\"_self\" target=\"_self\" >Viol\u00eancia relacionada ao trabalho: o ass\u00e9dio moral<\/a><\/h4>\n<div class=\"pt-cv-content\">A partir da Revolu\u00e7\u00e3o Industrial, o mundo do trabalho tem ...<br \/><div class=\"pt-cv-rmwrap\"><a href=\"https:\/\/espacocamilaferreira.com.br\/?p=2423\" class=\"_self pt-cv-readmore btn btn-success\" target=\"_self\">Leia Mais<\/a><\/div><\/div><\/div><\/div>\n<div class=\"col-md-12 col-sm-6 col-xs-12 pt-cv-content-item pt-cv-2-col\" ><div class='pt-cv-ifield'><a href=\"https:\/\/espacocamilaferreira.com.br\/?p=2408\" class=\"_self pt-cv-href-thumbnail pt-cv-thumb-left\" target=\"_self\" ><img width=\"1200\" height=\"480\" src=\"https:\/\/espacocamilaferreira.com.br\/wp-content\/uploads\/2021\/09\/AdobeStock_136813084-1200x480.jpeg\" class=\"pt-cv-thumbnail pull-left\" alt=\"\" decoding=\"async\" loading=\"lazy\" \/><\/a>\n<h4 class=\"pt-cv-title\"><a href=\"https:\/\/espacocamilaferreira.com.br\/?p=2408\" class=\"_self\" target=\"_self\" >Crian\u00e7as na faixa de 2 anos que ainda n\u00e3o falam, como proceder?<\/a><\/h4>\n<div class=\"pt-cv-content\">Atualmente est\u00e1 muito comum a chegada de pais aflitos na ...<br \/><div class=\"pt-cv-rmwrap\"><a href=\"https:\/\/espacocamilaferreira.com.br\/?p=2408\" class=\"_self pt-cv-readmore btn btn-success\" target=\"_self\">Leia Mais<\/a><\/div><\/div><\/div><\/div>\n<div class=\"col-md-12 col-sm-6 col-xs-12 pt-cv-content-item pt-cv-2-col\" ><div class='pt-cv-ifield'><a href=\"https:\/\/espacocamilaferreira.com.br\/?p=2405\" class=\"_self pt-cv-href-thumbnail pt-cv-thumb-left\" target=\"_self\" ><img width=\"1200\" height=\"480\" src=\"https:\/\/espacocamilaferreira.com.br\/wp-content\/uploads\/2021\/09\/AdobeStock_413949670-1200x480.jpeg\" class=\"pt-cv-thumbnail pull-left\" alt=\"\" decoding=\"async\" loading=\"lazy\" \/><\/a>\n<h4 class=\"pt-cv-title\"><a href=\"https:\/\/espacocamilaferreira.com.br\/?p=2405\" class=\"_self\" target=\"_self\" >Uma reflex\u00e3o sobre a zona de conforto<\/a><\/h4>\n<div class=\"pt-cv-content\">Quantas coisas voc\u00ea j\u00e1 perdeu por medo de arriscar? Se ...<br \/><div class=\"pt-cv-rmwrap\"><a href=\"https:\/\/espacocamilaferreira.com.br\/?p=2405\" class=\"_self pt-cv-readmore btn btn-success\" target=\"_self\">Leia Mais<\/a><\/div><\/div><\/div><\/div>\n<div class=\"col-md-12 col-sm-6 col-xs-12 pt-cv-content-item pt-cv-2-col\" ><div class='pt-cv-ifield'><a href=\"https:\/\/espacocamilaferreira.com.br\/?p=2393\" class=\"_self pt-cv-href-thumbnail pt-cv-thumb-left\" target=\"_self\" ><img width=\"1200\" height=\"480\" src=\"https:\/\/espacocamilaferreira.com.br\/wp-content\/uploads\/2021\/06\/AdobeStock_321786082-1200x480.jpeg\" class=\"pt-cv-thumbnail pull-left\" alt=\"\" decoding=\"async\" loading=\"lazy\" \/><\/a>\n<h4 class=\"pt-cv-title\"><a href=\"https:\/\/espacocamilaferreira.com.br\/?p=2393\" class=\"_self\" target=\"_self\" >O impacto da Diabetes Mellitus na crian\u00e7a \/adolescente nos pais e nos familiares<\/a><\/h4>\n<div class=\"pt-cv-content\">Diabetes Mellitus \u00e9 uma doen\u00e7a que tem a caracter\u00edstica o ...<br \/><div class=\"pt-cv-rmwrap\"><a href=\"https:\/\/espacocamilaferreira.com.br\/?p=2393\" class=\"_self pt-cv-readmore btn btn-success\" target=\"_self\">Leia Mais<\/a><\/div><\/div><\/div><\/div>\n<div class=\"col-md-12 col-sm-6 col-xs-12 pt-cv-content-item pt-cv-2-col\" ><div class='pt-cv-ifield'><a href=\"https:\/\/espacocamilaferreira.com.br\/?p=2387\" class=\"_self pt-cv-href-thumbnail pt-cv-thumb-left\" target=\"_self\" ><img width=\"1200\" height=\"480\" src=\"https:\/\/espacocamilaferreira.com.br\/wp-content\/uploads\/2021\/06\/AdobeStock_329119752-1200x480.jpeg\" class=\"pt-cv-thumbnail pull-left\" alt=\"\" decoding=\"async\" loading=\"lazy\" \/><\/a>\n<h4 class=\"pt-cv-title\"><a href=\"https:\/\/espacocamilaferreira.com.br\/?p=2387\" class=\"_self\" target=\"_self\" >Vulc\u00f5es, variantes do v\u00edrus, voltas de motocicleta. H\u00e1 espa\u00e7o para expectativas?<\/a><\/h4>\n<div class=\"pt-cv-content\">Viver uma Pandemia \u00e9 mais do que sobreviver \u00e0 pandemia, ...<br \/><div class=\"pt-cv-rmwrap\"><a href=\"https:\/\/espacocamilaferreira.com.br\/?p=2387\" class=\"_self pt-cv-readmore btn btn-success\" target=\"_self\">Leia Mais<\/a><\/div><\/div><\/div><\/div>\n<div class=\"col-md-12 col-sm-6 col-xs-12 pt-cv-content-item pt-cv-2-col\" ><div class='pt-cv-ifield'><a href=\"https:\/\/espacocamilaferreira.com.br\/?p=2384\" class=\"_self pt-cv-href-thumbnail pt-cv-thumb-left\" target=\"_self\" ><img width=\"1200\" height=\"480\" src=\"https:\/\/espacocamilaferreira.com.br\/wp-content\/uploads\/2021\/06\/AdobeStock_186478956-1200x480.jpeg\" class=\"pt-cv-thumbnail pull-left\" alt=\"\" decoding=\"async\" loading=\"lazy\" \/><\/a>\n<h4 class=\"pt-cv-title\"><a href=\"https:\/\/espacocamilaferreira.com.br\/?p=2384\" class=\"_self\" target=\"_self\" >Amor Rom\u00e2ntico<\/a><\/h4>\n<div class=\"pt-cv-content\">Quem me conhece sabe que eu sou uma pessoa muito ...<br \/><div class=\"pt-cv-rmwrap\"><a href=\"https:\/\/espacocamilaferreira.com.br\/?p=2384\" class=\"_self pt-cv-readmore btn btn-success\" target=\"_self\">Leia Mais<\/a><\/div><\/div><\/div><\/div>\n<div class=\"col-md-12 col-sm-6 col-xs-12 pt-cv-content-item pt-cv-2-col\" ><div class='pt-cv-ifield'><a href=\"https:\/\/espacocamilaferreira.com.br\/?p=2373\" class=\"_self pt-cv-href-thumbnail pt-cv-thumb-left\" target=\"_self\" ><img width=\"1200\" height=\"480\" src=\"https:\/\/espacocamilaferreira.com.br\/wp-content\/uploads\/2021\/05\/AdobeStock_330678008-1200x480.jpeg\" class=\"pt-cv-thumbnail pull-left\" alt=\"\" decoding=\"async\" loading=\"lazy\" \/><\/a>\n<h4 class=\"pt-cv-title\"><a href=\"https:\/\/espacocamilaferreira.com.br\/?p=2373\" class=\"_self\" target=\"_self\" >Enfrentando o Luto na Pandemia<\/a><\/h4>\n<div class=\"pt-cv-content\">Diante da atual situa\u00e7\u00e3o que muitos est\u00e3o vivendo, diretamente ou ...<br \/><div class=\"pt-cv-rmwrap\"><a href=\"https:\/\/espacocamilaferreira.com.br\/?p=2373\" class=\"_self pt-cv-readmore btn btn-success\" target=\"_self\">Leia Mais<\/a><\/div><\/div><\/div><\/div>\n<div class=\"col-md-12 col-sm-6 col-xs-12 pt-cv-content-item pt-cv-2-col\" ><div class='pt-cv-ifield'><a href=\"https:\/\/espacocamilaferreira.com.br\/?p=2379\" class=\"_self pt-cv-href-thumbnail pt-cv-thumb-left\" target=\"_self\" ><img width=\"1200\" height=\"480\" src=\"https:\/\/espacocamilaferreira.com.br\/wp-content\/uploads\/2021\/05\/AdobeStock_97820076-1200x480.jpeg\" class=\"pt-cv-thumbnail pull-left\" alt=\"\" decoding=\"async\" loading=\"lazy\" \/><\/a>\n<h4 class=\"pt-cv-title\"><a href=\"https:\/\/espacocamilaferreira.com.br\/?p=2379\" class=\"_self\" target=\"_self\" >A Fam\u00edlia Cresceu, e agora?<\/a><\/h4>\n<div class=\"pt-cv-content\">A chegada do segundo filho \u00e9 caracterizada como um per\u00edodo ...<br \/><div class=\"pt-cv-rmwrap\"><a href=\"https:\/\/espacocamilaferreira.com.br\/?p=2379\" class=\"_self pt-cv-readmore btn btn-success\" target=\"_self\">Leia Mais<\/a><\/div><\/div><\/div><\/div>\n<div class=\"col-md-12 col-sm-6 col-xs-12 pt-cv-content-item pt-cv-2-col\" ><div class='pt-cv-ifield'><a href=\"https:\/\/espacocamilaferreira.com.br\/?p=2376\" class=\"_self pt-cv-href-thumbnail pt-cv-thumb-left\" target=\"_self\" ><img width=\"1200\" height=\"480\" src=\"https:\/\/espacocamilaferreira.com.br\/wp-content\/uploads\/2021\/05\/AdobeStock_334081031-1200x480.jpeg\" class=\"pt-cv-thumbnail pull-left\" alt=\"\" decoding=\"async\" loading=\"lazy\" \/><\/a>\n<h4 class=\"pt-cv-title\"><a href=\"https:\/\/espacocamilaferreira.com.br\/?p=2376\" class=\"_self\" target=\"_self\" >A todos tipos de m\u00e3e: \u201cser m\u00e3e\u201d \u00e9 uma escolha!<\/a><\/h4>\n<div class=\"pt-cv-content\">O tornar-se m\u00e3e sempre foi uma escolha, desde d\u00e9cada de ...<br \/><div class=\"pt-cv-rmwrap\"><a href=\"https:\/\/espacocamilaferreira.com.br\/?p=2376\" class=\"_self pt-cv-readmore btn btn-success\" target=\"_self\">Leia Mais<\/a><\/div><\/div><\/div><\/div>\n<div class=\"col-md-12 col-sm-6 col-xs-12 pt-cv-content-item pt-cv-2-col\" ><div class='pt-cv-ifield'><a href=\"https:\/\/espacocamilaferreira.com.br\/?p=2369\" class=\"_self pt-cv-href-thumbnail pt-cv-thumb-left\" target=\"_self\" ><img width=\"1200\" height=\"480\" src=\"https:\/\/espacocamilaferreira.com.br\/wp-content\/uploads\/2021\/04\/AdobeStock_346197790-1200x480.jpeg\" class=\"pt-cv-thumbnail pull-left\" alt=\"\" decoding=\"async\" loading=\"lazy\" \/><\/a>\n<h4 class=\"pt-cv-title\"><a href=\"https:\/\/espacocamilaferreira.com.br\/?p=2369\" class=\"_self\" target=\"_self\" >Uma reflex\u00e3o a respeito do atual momento e seus impactos no desenvolvimento infantil<\/a><\/h4>\n<div class=\"pt-cv-content\">Desde o in\u00edcio da pandemia do COVID 19, e apesar ...<br \/><div class=\"pt-cv-rmwrap\"><a href=\"https:\/\/espacocamilaferreira.com.br\/?p=2369\" class=\"_self pt-cv-readmore btn btn-success\" target=\"_self\">Leia Mais<\/a><\/div><\/div><\/div><\/div><\/div><\/div>\n<div class=\" pt-cv-pagination-wrapper\"><ul class=\"pt-cv-pagination pt-cv-normal pagination\" data-totalpages=\"5\" data-currentpage=\"1\" data-sid=\"639e71eit1\" data-unid=\"\" data-isblock=\"\" data-postid=\"\"><li class=\"active\"><a href=\"#\">1<\/a><\/li>\n\t<li ><a class=\"\" href=\"https:\/\/espacocamilaferreira.com.br\/index.php\/?_page=2&#038;rest_route=%2Fwp%2Fv2%2Fpages%2F1960\">2<\/a><\/li>\n\t<li ><a class=\"\" href=\"https:\/\/espacocamilaferreira.com.br\/index.php\/?_page=3&#038;rest_route=%2Fwp%2Fv2%2Fpages%2F1960\">3<\/a><\/li>\n\t<li ><a href=\"#\">&hellip;<\/a><\/li>\n\t<li ><a class=\"\" href=\"https:\/\/espacocamilaferreira.com.br\/index.php\/?_page=5&#038;rest_route=%2Fwp%2Fv2%2Fpages%2F1960\">5<\/a><\/li>\n\t<li ><a class=\" \" href=\"https:\/\/espacocamilaferreira.com.br\/index.php\/?_page=2&#038;rest_route=%2Fwp%2Fv2%2Fpages%2F1960\">&rsaquo;<\/a><\/li>\n\t<\/ul><img width=\"15\" height=\"15\" class=\"pt-cv-spinner\" alt=\"Carregando...;\" src=\"data:image\/gif;base64,R0lGODlhDwAPALMPAMrKygwMDJOTkz09PZWVla+vr3p6euTk5M7OzuXl5TMzMwAAAJmZmWZmZszMzP\/\/\/yH\/C05FVFNDQVBFMi4wAwEAAAAh+QQFCgAPACwAAAAADwAPAAAEQvDJaZaZOIcV8iQK8VRX4iTYoAwZ4iCYoAjZ4RxejhVNoT+mRGP4cyF4Pp0N98sBGIBMEMOotl6YZ3S61Bmbkm4mAgAh+QQFCgAPACwAAAAADQANAAAENPDJSRSZeA418itN8QiK8BiLITVsFiyBBIoYqnoewAD4xPw9iY4XLGYSjkQR4UAUD45DLwIAIfkEBQoADwAsAAAAAA8ACQAABC\/wyVlamTi3nSdgwFNdhEJgTJoNyoB9ISYoQmdjiZPcj7EYCAeCF1gEDo4Dz2eIAAAh+QQFCgAPACwCAAAADQANAAAEM\/DJBxiYeLKdX3IJZT1FU0iIg2RNKx3OkZVnZ98ToRD4MyiDnkAh6BkNC0MvsAj0kMpHBAAh+QQFCgAPACwGAAAACQAPAAAEMDC59KpFDll73HkAA2wVY5KgiK5b0RRoI6MuzG6EQqCDMlSGheEhUAgqgUUAFRySIgAh+QQFCgAPACwCAAIADQANAAAEM\/DJKZNLND\/kkKaHc3xk+QAMYDKsiaqmZCxGVjSFFCxB1vwy2oOgIDxuucxAMTAJFAJNBAAh+QQFCgAPACwAAAYADwAJAAAEMNAs86q1yaWwwv2Ig0jUZx3OYa4XoRAfwADXoAwfo1+CIjyFRuEho60aSNYlOPxEAAAh+QQFCgAPACwAAAIADQANAAAENPA9s4y8+IUVcqaWJ4qEQozSoAzoIyhCK2NFU2SJk0hNnyEOhKR2AzAAj4Pj4GE4W0bkJQIAOw==\" \/><div class=\"clear pt-cv-clear-pagination\"><\/div><\/div><\/div>\n\n\n\n<?php wordpress_pagination(); ?>\n\n\n\n<div class=\"wp-block-columns is-layout-flex wp-container-4\">\n<div class=\"wp-block-column is-layout-flow\" style=\"flex-basis:66.66%\"><\/div>\n\n\n\n<div class=\"wp-block-column is-layout-flow\" style=\"flex-basis:33.33%\"><\/div>\n<\/div>\n\n\n\n<div class=\"wp-block-columns is-layout-flex wp-container-7\">\n<div class=\"wp-block-column is-layout-flow\" style=\"flex-basis:66.66%\"><\/div>\n\n\n\n<div class=\"wp-block-column is-layout-flow\" style=\"flex-basis:33.33%\"><\/div>\n<\/div>\n","protected":false},"excerpt":{"rendered":"<p>\u00daLTIMAS NOT\u00cdCIAS<\/p>\n","protected":false},"author":1,"featured_media":0,"parent":0,"menu_order":0,"comment_status":"closed","ping_status":"open","template":"","meta":[],"jetpack_sharing_enabled":true,"_links":{"self":[{"href":"https:\/\/espacocamilaferreira.com.br\/index.php?rest_route=\/wp\/v2\/pages\/1960"}],"collection":[{"href":"https:\/\/espacocamilaferreira.com.br\/index.php?rest_route=\/wp\/v2\/pages"}],"about":[{"href":"https:\/\/espacocamilaferreira.com.br\/index.php?rest_route=\/wp\/v2\/types\/page"}],"author":[{"embeddable":true,"href":"https:\/\/espacocamilaferreira.com.br\/index.php?rest_route=\/wp\/v2\/users\/1"}],"replies":[{"embeddable":true,"href":"https:\/\/espacocamilaferreira.com.br\/index.php?rest_route=%2Fwp%2Fv2%2Fcomments&post=1960"}],"version-history":[{"count":9,"href":"https:\/\/espacocamilaferreira.com.br\/index.php?rest_route=\/wp\/v2\/pages\/1960\/revisions"}],"predecessor-version":[{"id":2087,"href":"https:\/\/espacocamilaferreira.com.br\/index.php?rest_route=\/wp\/v2\/pages\/1960\/revisions\/2087"}],"wp:attachment":[{"href":"https:\/\/espacocamilaferreira.com.br\/index.php?rest_route=%2Fwp%2Fv2%2Fmedia&parent=1960"}],"curies":[{"name":"wp","href":"https:\/\/api.w.org\/{rel}","templated":true}]}}