{"id":1894,"date":"2020-08-08T16:47:34","date_gmt":"2020-08-08T19:47:34","guid":{"rendered":"http:\/\/espacocamilaferreira.com.br\/?page_id=1894"},"modified":"2020-08-08T16:47:35","modified_gmt":"2020-08-08T19:47:35","slug":"agendamento-espaco-camila-ferreira","status":"publish","type":"page","link":"https:\/\/espacocamilaferreira.com.br\/?page_id=1894","title":{"rendered":"Agendamento Espa\u00e7o Camila Ferreira"},"content":{"rendered":"\n<p>Preencha o formul\u00e1rio abaixo que entraremos em contato para finalizar o agendamento.<\/p>\n\n\n\n\n<div class=\"wpcf7 no-js\" id=\"wpcf7-f1893-o1\" lang=\"pt-BR\" dir=\"ltr\">\n<div class=\"screen-reader-response\"><p role=\"status\" aria-live=\"polite\" aria-atomic=\"true\"><\/p> <ul><\/ul><\/div>\n<form action=\"\/index.php?rest_route=%2Fwp%2Fv2%2Fpages%2F1894#wpcf7-f1893-o1\" method=\"post\" class=\"wpcf7-form init\" aria-label=\"Formul\u00e1rios de contato\" novalidate=\"novalidate\" data-status=\"init\">\n<div style=\"display: none;\">\n<input type=\"hidden\" name=\"_wpcf7\" value=\"1893\" \/>\n<input type=\"hidden\" name=\"_wpcf7_version\" value=\"5.8.7\" \/>\n<input type=\"hidden\" name=\"_wpcf7_locale\" value=\"pt_BR\" \/>\n<input type=\"hidden\" name=\"_wpcf7_unit_tag\" value=\"wpcf7-f1893-o1\" \/>\n<input type=\"hidden\" name=\"_wpcf7_container_post\" value=\"0\" \/>\n<input type=\"hidden\" name=\"_wpcf7_posted_data_hash\" value=\"\" \/>\n<\/div>\n<p><label> Seu nome (obrigat\u00f3rio)<br \/>\n<span class=\"wpcf7-form-control-wrap\" data-name=\"your-name\"><input size=\"40\" class=\"wpcf7-form-control wpcf7-text wpcf7-validates-as-required\" aria-required=\"true\" aria-invalid=\"false\" value=\"\" type=\"text\" name=\"your-name\" \/><\/span> <\/label>\n<\/p>\n<p><label> Seu e-mail (obrigat\u00f3rio)<br \/>\n<span class=\"wpcf7-form-control-wrap\" data-name=\"your-email\"><input size=\"40\" class=\"wpcf7-form-control wpcf7-email wpcf7-validates-as-required wpcf7-text wpcf7-validates-as-email\" aria-required=\"true\" aria-invalid=\"false\" value=\"\" type=\"email\" name=\"your-email\" \/><\/span> <\/label>\n<\/p>\n<p><label> Seu telefone (obrigat\u00f3rio)<br \/>\n<span class=\"wpcf7-form-control-wrap\" data-name=\"tel-711\"><input size=\"40\" class=\"wpcf7-form-control wpcf7-tel wpcf7-validates-as-required wpcf7-text wpcf7-validates-as-tel\" id=\"222\" aria-required=\"true\" aria-invalid=\"false\" value=\"\" type=\"tel\" name=\"tel-711\" \/><\/span> <\/label>\n<\/p>\n<p><label> Especialista de prefer\u00eancia (obrigat\u00f3rio)<br \/>\n<span class=\"wpcf7-form-control-wrap\" data-name=\"select\"><select class=\"wpcf7-form-control wpcf7-select wpcf7-validates-as-required div-select\" id=\"select\" aria-required=\"true\" aria-invalid=\"false\" name=\"select\"><option value=\"Psic\u00f3logo\">Psic\u00f3logo<\/option><option value=\"Fonoaudi\u00f3logo\">Fonoaudi\u00f3logo<\/option><option value=\"Nutricionista\">Nutricionista<\/option><\/select><\/span><br \/>\n<\/label>\n<\/p>\n<p><label> Data desejada<br \/>\n<span class=\"wpcf7-form-control-wrap\" data-name=\"date-615\"><input class=\"wpcf7-form-control wpcf7-date wpcf7-validates-as-required wpcf7-validates-as-date\" id=\"333\" min=\"2020-08-08\" max=\"2051-08-08\" aria-required=\"true\" aria-invalid=\"false\" value=\"\" type=\"date\" name=\"date-615\" \/><\/span><br \/>\n<\/label><br \/>\n<label> Hor\u00e1rio desejado<br \/>\n<span class=\"wpcf7-form-control-wrap\" data-name=\"text-53\"><input size=\"40\" class=\"wpcf7-form-control wpcf7-text wpcf7-validates-as-required\" id=\"555\" aria-required=\"true\" aria-invalid=\"false\" value=\"\" type=\"text\" name=\"text-53\" \/><\/span><br \/>\n<\/label>\n<\/p>\n<p><label>Cidade<br \/>\n<span class=\"wpcf7-form-control-wrap\" data-name=\"cidade_agenda\"><select class=\"wpcf7-form-control wpcf7-select wpcf7-validates-as-required\" id=\"selectcidade\" aria-required=\"true\" aria-invalid=\"false\" name=\"cidade_agenda\"><option value=\"\">&#8212;Escolha uma op\u00e7\u00e3o&#8212;<\/option><option value=\"Atibaia\">Atibaia<\/option><option value=\"Bragan\u00e7a Paulista\">Bragan\u00e7a Paulista<\/option><\/select><\/span><br \/>\n<\/label>\n<\/p>\n<p><label><br \/>\n<label>D\u00favidas e\/ou especifica\u00e7\u00f5es<br \/>\n<span class=\"wpcf7-form-control-wrap\" data-name=\"textarea-428\"><textarea cols=\"40\" rows=\"10\" class=\"wpcf7-form-control wpcf7-textarea\" id=\"777\" aria-invalid=\"false\" name=\"textarea-428\"><\/textarea><\/span><br \/>\n<\/label><br \/>\n<input class=\"wpcf7-form-control wpcf7-submit has-spinner\" type=\"submit\" value=\"Enviar\" \/><\/label>\n<\/p><p style=\"display: none !important;\" class=\"akismet-fields-container\" data-prefix=\"_wpcf7_ak_\"><label>&#916;<textarea name=\"_wpcf7_ak_hp_textarea\" cols=\"45\" rows=\"8\" maxlength=\"100\"><\/textarea><\/label><input type=\"hidden\" id=\"ak_js_1\" name=\"_wpcf7_ak_js\" value=\"35\"\/><script>document.getElementById( \"ak_js_1\" ).setAttribute( \"value\", ( new Date() ).getTime() );<\/script><\/p><div class=\"wpcf7-response-output\" aria-hidden=\"true\"><\/div>\n<\/form>\n<\/div>\n\n\n\n\n<p>*O preenchimento da data e do hor\u00e1rio desejado n\u00e3o garante a disponibilidade do Profissional.<\/p>\n","protected":false},"excerpt":{"rendered":"<p>Preencha o formul\u00e1rio abaixo que entraremos em contato para finalizar o agendamento. *O preenchimento da data e do hor\u00e1rio desejado n\u00e3o garante a disponibilidade do Profissional.<\/p>\n","protected":false},"author":1,"featured_media":0,"parent":0,"menu_order":0,"comment_status":"closed","ping_status":"closed","template":"","meta":[],"jetpack_sharing_enabled":true,"_links":{"self":[{"href":"https:\/\/espacocamilaferreira.com.br\/index.php?rest_route=\/wp\/v2\/pages\/1894"}],"collection":[{"href":"https:\/\/espacocamilaferreira.com.br\/index.php?rest_route=\/wp\/v2\/pages"}],"about":[{"href":"https:\/\/espacocamilaferreira.com.br\/index.php?rest_route=\/wp\/v2\/types\/page"}],"author":[{"embeddable":true,"href":"https:\/\/espacocamilaferreira.com.br\/index.php?rest_route=\/wp\/v2\/users\/1"}],"replies":[{"embeddable":true,"href":"https:\/\/espacocamilaferreira.com.br\/index.php?rest_route=%2Fwp%2Fv2%2Fcomments&post=1894"}],"version-history":[{"count":1,"href":"https:\/\/espacocamilaferreira.com.br\/index.php?rest_route=\/wp\/v2\/pages\/1894\/revisions"}],"predecessor-version":[{"id":1895,"href":"https:\/\/espacocamilaferreira.com.br\/index.php?rest_route=\/wp\/v2\/pages\/1894\/revisions\/1895"}],"wp:attachment":[{"href":"https:\/\/espacocamilaferreira.com.br\/index.php?rest_route=%2Fwp%2Fv2%2Fmedia&parent=1894"}],"curies":[{"name":"wp","href":"https:\/\/api.w.org\/{rel}","templated":true}]}}