{"id":1881,"date":"2020-08-08T16:07:21","date_gmt":"2020-08-08T19:07:21","guid":{"rendered":"http:\/\/espacocamilaferreira.com.br\/?page_id=1881"},"modified":"2022-01-26T20:26:58","modified_gmt":"2022-01-26T23:26:58","slug":"conheca-nosso-espaco","status":"publish","type":"page","link":"https:\/\/espacocamilaferreira.com.br\/?page_id=1881","title":{"rendered":"Conhe\u00e7a nosso espa\u00e7o"},"content":{"rendered":"\n<h3 class=\"has-text-align-center wp-block-heading\">Unidade Atibaia Lucas<\/h3>\n\n\n<style type=\"text\/css\">\n#foogallery-gallery-2048 .fg-image { width: 640px; }<\/style>\n\t\t\t<div class=\"foogallery foogallery-container foogallery-image-viewer foogallery-link-image foogallery-lightbox-none fg-center fg-image-viewer fg-ready fg-light fg-border-thin fg-shadow-outline fg-loading-default fg-loaded-fade-in fg-caption-always fg-hover-fade fg-hover-zoom\" id=\"foogallery-gallery-2048\" data-foogallery=\"{&quot;item&quot;:{&quot;showCaptionTitle&quot;:true,&quot;showCaptionDescription&quot;:false},&quot;lazy&quot;:true,&quot;template&quot;:{&quot;loop&quot;:true}}\" style=\"--fg-title-line-clamp: 0; --fg-description-line-clamp: 0;\" >\n\t<div class=\"fiv-inner\">\n\t\t<div class=\"fiv-inner-container\">\n\t\t\t<div class=\"fg-item fg-type-image fg-idle\"><figure class=\"fg-item-inner\"><a href=\"https:\/\/espacocamilaferreira.com.br\/wp-content\/uploads\/2020\/06\/k9a0802-scaled.jpg\" data-caption-title=\"Sala de recep\u00e7\u00e3o\" data-caption-desc=\"Sala de recep\u00e7\u00e3o\" data-attachment-id=\"1762\" data-type=\"image\" class=\"fg-thumb\"><span class=\"fg-image-wrap\"><img alt=\"Sala de recep\u00e7\u00e3o\" title=\"Sala de recep\u00e7\u00e3o\" width=\"640\" height=\"360\" class=\"skip-lazy fg-image\" data-src-fg=\"https:\/\/espacocamilaferreira.com.br\/wp-content\/uploads\/cache\/2020\/06\/k9a0802-scaled\/976250996.jpg\" src=\"data:image\/svg+xml,%3Csvg%20xmlns%3D%22http%3A%2F%2Fwww.w3.org%2F2000%2Fsvg%22%20width%3D%22640%22%20height%3D%22360%22%20viewBox%3D%220%200%20640%20360%22%3E%3C%2Fsvg%3E\" loading=\"eager\"><\/span><span class=\"fg-image-overlay\"><\/span><\/a><figcaption class=\"fg-caption\"><div class=\"fg-caption-inner\"><div class=\"fg-caption-title\">Sala de recep\u00e7\u00e3o<\/div><\/div><\/figcaption><\/figure><div class=\"fg-loader\"><\/div><\/div><div class=\"fg-item fg-type-image fg-idle\"><figure class=\"fg-item-inner\"><a href=\"https:\/\/espacocamilaferreira.com.br\/wp-content\/uploads\/2020\/10\/K9A0829-scaled.jpg\" data-caption-title=\"Sala de atendimento 02\" data-caption-desc=\"Sala de atendimento 02\" data-attachment-id=\"2000\" data-type=\"image\" class=\"fg-thumb\"><span class=\"fg-image-wrap\"><img alt=\"Sala de atendimento 02\" title=\"Sala de atendimento 02\" width=\"640\" height=\"360\" class=\"skip-lazy fg-image\" data-src-fg=\"https:\/\/espacocamilaferreira.com.br\/wp-content\/uploads\/cache\/2020\/10\/K9A0829-scaled\/3590206308.jpg\" src=\"data:image\/svg+xml,%3Csvg%20xmlns%3D%22http%3A%2F%2Fwww.w3.org%2F2000%2Fsvg%22%20width%3D%22640%22%20height%3D%22360%22%20viewBox%3D%220%200%20640%20360%22%3E%3C%2Fsvg%3E\" loading=\"eager\"><\/span><span class=\"fg-image-overlay\"><\/span><\/a><figcaption class=\"fg-caption\"><div class=\"fg-caption-inner\"><div class=\"fg-caption-title\">Sala de atendimento 02<\/div><\/div><\/figcaption><\/figure><div class=\"fg-loader\"><\/div><\/div><div class=\"fg-item fg-type-image fg-idle\"><figure class=\"fg-item-inner\"><a href=\"https:\/\/espacocamilaferreira.com.br\/wp-content\/uploads\/2020\/11\/K9A1970-scaled.jpg\" data-caption-title=\"Sala de atendimento 05\" data-caption-desc=\"Sala de atendimento 05\" data-attachment-id=\"2280\" data-type=\"image\" class=\"fg-thumb\"><span class=\"fg-image-wrap\"><img alt=\"Sala de atendimento 05\" title=\"Sala de atendimento 05\" width=\"640\" height=\"360\" class=\"skip-lazy fg-image\" data-src-fg=\"https:\/\/espacocamilaferreira.com.br\/wp-content\/uploads\/cache\/2020\/11\/K9A1970-scaled\/1981900076.jpg\" src=\"data:image\/svg+xml,%3Csvg%20xmlns%3D%22http%3A%2F%2Fwww.w3.org%2F2000%2Fsvg%22%20width%3D%22640%22%20height%3D%22360%22%20viewBox%3D%220%200%20640%20360%22%3E%3C%2Fsvg%3E\" loading=\"eager\"><\/span><span class=\"fg-image-overlay\"><\/span><\/a><figcaption class=\"fg-caption\"><div class=\"fg-caption-inner\"><div class=\"fg-caption-title\">Sala de atendimento 05<\/div><\/div><\/figcaption><\/figure><div class=\"fg-loader\"><\/div><\/div><div class=\"fg-item fg-type-image fg-idle\"><figure class=\"fg-item-inner\"><a href=\"https:\/\/espacocamilaferreira.com.br\/wp-content\/uploads\/2020\/11\/K9A1939-scaled.jpg\" data-caption-title=\"Sala de atendimento 07\" data-caption-desc=\"Sala de atendimento 07\" data-attachment-id=\"2279\" data-type=\"image\" class=\"fg-thumb\"><span class=\"fg-image-wrap\"><img alt=\"Sala de atendimento 07\" title=\"Sala de atendimento 07\" width=\"640\" height=\"360\" class=\"skip-lazy fg-image\" data-src-fg=\"https:\/\/espacocamilaferreira.com.br\/wp-content\/uploads\/cache\/2020\/11\/K9A1939-scaled\/1584233367.jpg\" src=\"data:image\/svg+xml,%3Csvg%20xmlns%3D%22http%3A%2F%2Fwww.w3.org%2F2000%2Fsvg%22%20width%3D%22640%22%20height%3D%22360%22%20viewBox%3D%220%200%20640%20360%22%3E%3C%2Fsvg%3E\" loading=\"eager\"><\/span><span class=\"fg-image-overlay\"><\/span><\/a><figcaption class=\"fg-caption\"><div class=\"fg-caption-inner\"><div class=\"fg-caption-title\">Sala de atendimento 07<\/div><\/div><\/figcaption><\/figure><div class=\"fg-loader\"><\/div><\/div><div class=\"fg-item fg-type-image fg-idle\"><figure class=\"fg-item-inner\"><a href=\"https:\/\/espacocamilaferreira.com.br\/wp-content\/uploads\/2020\/11\/K9A1912-scaled.jpg\" data-caption-title=\"Sala de atendimento 08\" data-caption-desc=\"Sala de atendimento 08\" data-attachment-id=\"2278\" data-type=\"image\" class=\"fg-thumb\"><span class=\"fg-image-wrap\"><img alt=\"Sala de atendimento 08\" title=\"Sala de atendimento 08\" width=\"640\" height=\"360\" class=\"skip-lazy fg-image\" data-src-fg=\"https:\/\/espacocamilaferreira.com.br\/wp-content\/uploads\/cache\/2020\/11\/K9A1912-scaled\/2425888376.jpg\" src=\"data:image\/svg+xml,%3Csvg%20xmlns%3D%22http%3A%2F%2Fwww.w3.org%2F2000%2Fsvg%22%20width%3D%22640%22%20height%3D%22360%22%20viewBox%3D%220%200%20640%20360%22%3E%3C%2Fsvg%3E\" loading=\"eager\"><\/span><span class=\"fg-image-overlay\"><\/span><\/a><figcaption class=\"fg-caption\"><div class=\"fg-caption-inner\"><div class=\"fg-caption-title\">Sala de atendimento 08<\/div><\/div><\/figcaption><\/figure><div class=\"fg-loader\"><\/div><\/div><div class=\"fg-item fg-type-image fg-idle\"><figure class=\"fg-item-inner\"><a href=\"https:\/\/espacocamilaferreira.com.br\/wp-content\/uploads\/2020\/10\/K9A0842-scaled.jpg\" data-caption-title=\"Sala para reuni\u00e3o \/ grupos\" data-caption-desc=\"Sala para reuni\u00e3o \/ grupos\" data-attachment-id=\"2001\" data-type=\"image\" class=\"fg-thumb\"><span class=\"fg-image-wrap\"><img alt=\"Sala para reuni\u00e3o \/ grupos\" title=\"Sala para reuni\u00e3o \/ grupos\" width=\"640\" height=\"360\" class=\"skip-lazy fg-image\" data-src-fg=\"https:\/\/espacocamilaferreira.com.br\/wp-content\/uploads\/cache\/2020\/10\/K9A0842-scaled\/3476691468.jpg\" src=\"data:image\/svg+xml,%3Csvg%20xmlns%3D%22http%3A%2F%2Fwww.w3.org%2F2000%2Fsvg%22%20width%3D%22640%22%20height%3D%22360%22%20viewBox%3D%220%200%20640%20360%22%3E%3C%2Fsvg%3E\" loading=\"eager\"><\/span><span class=\"fg-image-overlay\"><\/span><\/a><figcaption class=\"fg-caption\"><div class=\"fg-caption-inner\"><div class=\"fg-caption-title\">Sala para reuni\u00e3o \/ grupos<\/div><\/div><\/figcaption><\/figure><div class=\"fg-loader\"><\/div><\/div>\t\t<\/div>\n\t\t<div class=\"fiv-ctrls\">\n\t\t\t<button type=\"button\" class=\"fiv-prev\" title=\"Prev\"><span>Prev<\/span><\/button>\n\t\t\t<label class=\"fiv-count\"><span class=\"fiv-count-current\">1<\/span>of<span class=\"fiv-count-total\">6<\/span><\/label>\n\t\t\t<button type=\"button\" class=\"fiv-next\" title=\"Next\"><span>Next<\/span><\/button>\n\t\t<\/div>\n\t<\/div>\n<\/div>\n\n\n\n<p><\/p>\n\n\n\n<h3 class=\"has-text-align-center wp-block-heading\">Unidade Atibaia Jd.<\/h3>\n\n\n<style type=\"text\/css\">\n#foogallery-gallery-2452 .fg-image { width: 640px; }<\/style>\n\t\t\t<div class=\"foogallery foogallery-container foogallery-image-viewer foogallery-link-image foogallery-lightbox-none fg-center fg-image-viewer fg-ready fg-light fg-border-thin fg-shadow-outline fg-loading-default fg-loaded-fade-in fg-caption-hover fg-hover-fade fg-hover-zoom\" id=\"foogallery-gallery-2452\" data-foogallery=\"{&quot;item&quot;:{&quot;showCaptionTitle&quot;:true,&quot;showCaptionDescription&quot;:true},&quot;lazy&quot;:true,&quot;template&quot;:{&quot;loop&quot;:true}}\" style=\"--fg-title-line-clamp: 0; --fg-description-line-clamp: 0;\" >\n\t<div class=\"fiv-inner\">\n\t\t<div class=\"fiv-inner-container\">\n\t\t\t<div class=\"fg-item fg-type-image fg-idle\"><figure class=\"fg-item-inner\"><a href=\"https:\/\/espacocamilaferreira.com.br\/wp-content\/uploads\/2022\/01\/K9A4940-copia-scaled.jpg\" data-attachment-id=\"2458\" data-type=\"image\" class=\"fg-thumb\"><span class=\"fg-image-wrap\"><img width=\"640\" height=\"360\" class=\"skip-lazy fg-image\" data-src-fg=\"https:\/\/espacocamilaferreira.com.br\/wp-content\/uploads\/cache\/2022\/01\/K9A4940-copia-scaled\/1024751588.jpg\" src=\"data:image\/svg+xml,%3Csvg%20xmlns%3D%22http%3A%2F%2Fwww.w3.org%2F2000%2Fsvg%22%20width%3D%22640%22%20height%3D%22360%22%20viewBox%3D%220%200%20640%20360%22%3E%3C%2Fsvg%3E\" loading=\"eager\"><\/span><span class=\"fg-image-overlay\"><\/span><\/a><\/figure><div class=\"fg-loader\"><\/div><\/div><div class=\"fg-item fg-type-image fg-idle\"><figure class=\"fg-item-inner\"><a href=\"https:\/\/espacocamilaferreira.com.br\/wp-content\/uploads\/2022\/01\/K9A4937-copia-scaled.jpg\" data-attachment-id=\"2457\" data-type=\"image\" class=\"fg-thumb\"><span class=\"fg-image-wrap\"><img width=\"640\" height=\"360\" class=\"skip-lazy fg-image\" data-src-fg=\"https:\/\/espacocamilaferreira.com.br\/wp-content\/uploads\/cache\/2022\/01\/K9A4937-copia-scaled\/3491577947.jpg\" src=\"data:image\/svg+xml,%3Csvg%20xmlns%3D%22http%3A%2F%2Fwww.w3.org%2F2000%2Fsvg%22%20width%3D%22640%22%20height%3D%22360%22%20viewBox%3D%220%200%20640%20360%22%3E%3C%2Fsvg%3E\" loading=\"eager\"><\/span><span class=\"fg-image-overlay\"><\/span><\/a><\/figure><div class=\"fg-loader\"><\/div><\/div><div class=\"fg-item fg-type-image fg-idle\"><figure class=\"fg-item-inner\"><a href=\"https:\/\/espacocamilaferreira.com.br\/wp-content\/uploads\/2022\/01\/K9A4914-copia-scaled.jpg\" data-attachment-id=\"2456\" data-type=\"image\" class=\"fg-thumb\"><span class=\"fg-image-wrap\"><img width=\"640\" height=\"360\" class=\"skip-lazy fg-image\" data-src-fg=\"https:\/\/espacocamilaferreira.com.br\/wp-content\/uploads\/cache\/2022\/01\/K9A4914-copia-scaled\/1772504472.jpg\" src=\"data:image\/svg+xml,%3Csvg%20xmlns%3D%22http%3A%2F%2Fwww.w3.org%2F2000%2Fsvg%22%20width%3D%22640%22%20height%3D%22360%22%20viewBox%3D%220%200%20640%20360%22%3E%3C%2Fsvg%3E\" loading=\"eager\"><\/span><span class=\"fg-image-overlay\"><\/span><\/a><\/figure><div class=\"fg-loader\"><\/div><\/div><div class=\"fg-item fg-type-image fg-idle\"><figure class=\"fg-item-inner\"><a href=\"https:\/\/espacocamilaferreira.com.br\/wp-content\/uploads\/2022\/01\/K9A4903-copia-scaled.jpg\" data-attachment-id=\"2455\" data-type=\"image\" class=\"fg-thumb\"><span class=\"fg-image-wrap\"><img width=\"640\" height=\"360\" class=\"skip-lazy fg-image\" data-src-fg=\"https:\/\/espacocamilaferreira.com.br\/wp-content\/uploads\/cache\/2022\/01\/K9A4903-copia-scaled\/4178014881.jpg\" src=\"data:image\/svg+xml,%3Csvg%20xmlns%3D%22http%3A%2F%2Fwww.w3.org%2F2000%2Fsvg%22%20width%3D%22640%22%20height%3D%22360%22%20viewBox%3D%220%200%20640%20360%22%3E%3C%2Fsvg%3E\" loading=\"eager\"><\/span><span class=\"fg-image-overlay\"><\/span><\/a><\/figure><div class=\"fg-loader\"><\/div><\/div><div class=\"fg-item fg-type-image fg-idle\"><figure class=\"fg-item-inner\"><a href=\"https:\/\/espacocamilaferreira.com.br\/wp-content\/uploads\/2022\/01\/K9A4878-copia-scaled.jpg\" data-attachment-id=\"2453\" data-type=\"image\" class=\"fg-thumb\"><span class=\"fg-image-wrap\"><img width=\"640\" height=\"360\" class=\"skip-lazy fg-image\" data-src-fg=\"https:\/\/espacocamilaferreira.com.br\/wp-content\/uploads\/cache\/2022\/01\/K9A4878-copia-scaled\/1592623267.jpg\" src=\"data:image\/svg+xml,%3Csvg%20xmlns%3D%22http%3A%2F%2Fwww.w3.org%2F2000%2Fsvg%22%20width%3D%22640%22%20height%3D%22360%22%20viewBox%3D%220%200%20640%20360%22%3E%3C%2Fsvg%3E\" loading=\"eager\"><\/span><span class=\"fg-image-overlay\"><\/span><\/a><\/figure><div class=\"fg-loader\"><\/div><\/div><div class=\"fg-item fg-type-image fg-idle\"><figure class=\"fg-item-inner\"><a href=\"https:\/\/espacocamilaferreira.com.br\/wp-content\/uploads\/2022\/01\/K9A4888-copia-scaled.jpg\" data-attachment-id=\"2454\" data-type=\"image\" class=\"fg-thumb\"><span class=\"fg-image-wrap\"><img width=\"640\" height=\"360\" class=\"skip-lazy fg-image\" data-src-fg=\"https:\/\/espacocamilaferreira.com.br\/wp-content\/uploads\/cache\/2022\/01\/K9A4888-copia-scaled\/1764653888.jpg\" src=\"data:image\/svg+xml,%3Csvg%20xmlns%3D%22http%3A%2F%2Fwww.w3.org%2F2000%2Fsvg%22%20width%3D%22640%22%20height%3D%22360%22%20viewBox%3D%220%200%20640%20360%22%3E%3C%2Fsvg%3E\" loading=\"eager\"><\/span><span class=\"fg-image-overlay\"><\/span><\/a><\/figure><div class=\"fg-loader\"><\/div><\/div>\t\t<\/div>\n\t\t<div class=\"fiv-ctrls\">\n\t\t\t<button type=\"button\" class=\"fiv-prev\" title=\"Prev\"><span>Prev<\/span><\/button>\n\t\t\t<label class=\"fiv-count\"><span class=\"fiv-count-current\">1<\/span>of<span class=\"fiv-count-total\">6<\/span><\/label>\n\t\t\t<button type=\"button\" class=\"fiv-next\" title=\"Next\"><span>Next<\/span><\/button>\n\t\t<\/div>\n\t<\/div>\n<\/div>\n\n\n\n<p><\/p>\n\n\n\n<h3 class=\"has-text-align-center wp-block-heading\">Unidade Bragan\u00e7a Paulista<\/h3>\n\n\n<style type=\"text\/css\">\n#foogallery-gallery-2046 .fg-image { width: 640px; }<\/style>\n\t\t\t<div class=\"foogallery foogallery-container foogallery-image-viewer foogallery-link-image foogallery-lightbox-none fg-center fg-image-viewer fg-ready fg-light fg-border-thin fg-shadow-outline fg-loading-default fg-loaded-fade-in fg-caption-always fg-hover-fade fg-hover-zoom\" id=\"foogallery-gallery-2046\" data-foogallery=\"{&quot;item&quot;:{&quot;showCaptionTitle&quot;:true,&quot;showCaptionDescription&quot;:false},&quot;lazy&quot;:true,&quot;template&quot;:{&quot;loop&quot;:true}}\" style=\"--fg-title-line-clamp: 0; --fg-description-line-clamp: 0;\" >\n\t<div class=\"fiv-inner\">\n\t\t<div class=\"fiv-inner-container\">\n\t\t\t<div class=\"fg-item fg-type-image fg-idle\"><figure class=\"fg-item-inner\"><a href=\"https:\/\/espacocamilaferreira.com.br\/wp-content\/uploads\/2020\/08\/RECEP\u00c7\u00c3O-c\u00f3pia-scaled.jpg\" data-caption-title=\"Sala de recep\u00e7\u00e3o\" data-caption-desc=\"Sala de recep\u00e7\u00e3o\" data-attachment-id=\"1886\" data-type=\"image\" class=\"fg-thumb\"><span class=\"fg-image-wrap\"><img alt=\"Sala de recep\u00e7\u00e3o\" title=\"Sala de recep\u00e7\u00e3o\" width=\"640\" height=\"360\" class=\"skip-lazy fg-image\" data-src-fg=\"https:\/\/espacocamilaferreira.com.br\/wp-content\/uploads\/cache\/2020\/08\/RECEP\u00c7\u00c3O-c\u00f3pia-scaled\/3669440197.jpg\" src=\"data:image\/svg+xml,%3Csvg%20xmlns%3D%22http%3A%2F%2Fwww.w3.org%2F2000%2Fsvg%22%20width%3D%22640%22%20height%3D%22360%22%20viewBox%3D%220%200%20640%20360%22%3E%3C%2Fsvg%3E\" loading=\"eager\"><\/span><span class=\"fg-image-overlay\"><\/span><\/a><figcaption class=\"fg-caption\"><div class=\"fg-caption-inner\"><div class=\"fg-caption-title\">Sala de recep\u00e7\u00e3o<\/div><\/div><\/figcaption><\/figure><div class=\"fg-loader\"><\/div><\/div><div class=\"fg-item fg-type-image fg-idle\"><figure class=\"fg-item-inner\"><a href=\"https:\/\/espacocamilaferreira.com.br\/wp-content\/uploads\/2020\/08\/SALA-DE-ATEND.3-scaled.jpg\" data-caption-title=\"Sala de atendimento 01\" data-caption-desc=\"Sala de atendimento 01\" data-attachment-id=\"1950\" data-type=\"image\" class=\"fg-thumb\"><span class=\"fg-image-wrap\"><img alt=\"Sala de atendimento 01\" title=\"Sala de atendimento 01\" width=\"640\" height=\"360\" class=\"skip-lazy fg-image\" data-src-fg=\"https:\/\/espacocamilaferreira.com.br\/wp-content\/uploads\/cache\/2020\/08\/SALA-DE-ATEND_3-scaled\/1304713560.jpg\" src=\"data:image\/svg+xml,%3Csvg%20xmlns%3D%22http%3A%2F%2Fwww.w3.org%2F2000%2Fsvg%22%20width%3D%22640%22%20height%3D%22360%22%20viewBox%3D%220%200%20640%20360%22%3E%3C%2Fsvg%3E\" loading=\"eager\"><\/span><span class=\"fg-image-overlay\"><\/span><\/a><figcaption class=\"fg-caption\"><div class=\"fg-caption-inner\"><div class=\"fg-caption-title\">Sala de atendimento 01<\/div><\/div><\/figcaption><\/figure><div class=\"fg-loader\"><\/div><\/div><div class=\"fg-item fg-type-image fg-idle\"><figure class=\"fg-item-inner\"><a href=\"https:\/\/espacocamilaferreira.com.br\/wp-content\/uploads\/2020\/08\/sala_brag_2.jpg\" data-caption-title=\"Sala de atendimento 03\" data-caption-desc=\"Sala de atendimento 03\" data-attachment-id=\"1890\" data-type=\"image\" class=\"fg-thumb\"><span class=\"fg-image-wrap\"><img alt=\"Sala de atendimento 03\" title=\"Sala de atendimento 03\" width=\"640\" height=\"360\" class=\"skip-lazy fg-image\" data-src-fg=\"https:\/\/espacocamilaferreira.com.br\/wp-content\/uploads\/cache\/2020\/08\/sala_brag_2\/1180120234.jpg\" src=\"data:image\/svg+xml,%3Csvg%20xmlns%3D%22http%3A%2F%2Fwww.w3.org%2F2000%2Fsvg%22%20width%3D%22640%22%20height%3D%22360%22%20viewBox%3D%220%200%20640%20360%22%3E%3C%2Fsvg%3E\" loading=\"eager\"><\/span><span class=\"fg-image-overlay\"><\/span><\/a><figcaption class=\"fg-caption\"><div class=\"fg-caption-inner\"><div class=\"fg-caption-title\">Sala de atendimento 03<\/div><\/div><\/figcaption><\/figure><div class=\"fg-loader\"><\/div><\/div><div class=\"fg-item fg-type-image fg-idle\"><figure class=\"fg-item-inner\"><a href=\"https:\/\/espacocamilaferreira.com.br\/wp-content\/uploads\/2020\/08\/sala_brag_1.jpg\" data-caption-title=\"Sala de atendimento 05\" data-caption-desc=\"Sala de atendimento 05\" data-attachment-id=\"1889\" data-type=\"image\" class=\"fg-thumb\"><span class=\"fg-image-wrap\"><img alt=\"Sala de atendimento 05\" title=\"Sala de atendimento 05\" width=\"640\" height=\"360\" class=\"skip-lazy fg-image\" data-src-fg=\"https:\/\/espacocamilaferreira.com.br\/wp-content\/uploads\/cache\/2020\/08\/sala_brag_1\/59611008.jpg\" src=\"data:image\/svg+xml,%3Csvg%20xmlns%3D%22http%3A%2F%2Fwww.w3.org%2F2000%2Fsvg%22%20width%3D%22640%22%20height%3D%22360%22%20viewBox%3D%220%200%20640%20360%22%3E%3C%2Fsvg%3E\" loading=\"eager\"><\/span><span class=\"fg-image-overlay\"><\/span><\/a><figcaption class=\"fg-caption\"><div class=\"fg-caption-inner\"><div class=\"fg-caption-title\">Sala de atendimento 05<\/div><\/div><\/figcaption><\/figure><div class=\"fg-loader\"><\/div><\/div>\t\t<\/div>\n\t\t<div class=\"fiv-ctrls\">\n\t\t\t<button type=\"button\" class=\"fiv-prev\" title=\"Prev\"><span>Prev<\/span><\/button>\n\t\t\t<label class=\"fiv-count\"><span class=\"fiv-count-current\">1<\/span>of<span class=\"fiv-count-total\">4<\/span><\/label>\n\t\t\t<button type=\"button\" class=\"fiv-next\" title=\"Next\"><span>Next<\/span><\/button>\n\t\t<\/div>\n\t<\/div>\n<\/div>\n","protected":false},"excerpt":{"rendered":"<p>Unidade Atibaia Lucas Unidade Atibaia Jd. Unidade Bragan\u00e7a Paulista<\/p>\n","protected":false},"author":1,"featured_media":0,"parent":0,"menu_order":0,"comment_status":"closed","ping_status":"closed","template":"","meta":[],"jetpack_sharing_enabled":true,"_links":{"self":[{"href":"https:\/\/espacocamilaferreira.com.br\/index.php?rest_route=\/wp\/v2\/pages\/1881"}],"collection":[{"href":"https:\/\/espacocamilaferreira.com.br\/index.php?rest_route=\/wp\/v2\/pages"}],"about":[{"href":"https:\/\/espacocamilaferreira.com.br\/index.php?rest_route=\/wp\/v2\/types\/page"}],"author":[{"embeddable":true,"href":"https:\/\/espacocamilaferreira.com.br\/index.php?rest_route=\/wp\/v2\/users\/1"}],"replies":[{"embeddable":true,"href":"https:\/\/espacocamilaferreira.com.br\/index.php?rest_route=%2Fwp%2Fv2%2Fcomments&post=1881"}],"version-history":[{"count":22,"href":"https:\/\/espacocamilaferreira.com.br\/index.php?rest_route=\/wp\/v2\/pages\/1881\/revisions"}],"predecessor-version":[{"id":2459,"href":"https:\/\/espacocamilaferreira.com.br\/index.php?rest_route=\/wp\/v2\/pages\/1881\/revisions\/2459"}],"wp:attachment":[{"href":"https:\/\/espacocamilaferreira.com.br\/index.php?rest_route=%2Fwp%2Fv2%2Fmedia&parent=1881"}],"curies":[{"name":"wp","href":"https:\/\/api.w.org\/{rel}","templated":true}]}}